{"id":4,"date":"2025-06-20T14:03:12","date_gmt":"2025-06-20T12:03:12","guid":{"rendered":"https:\/\/www.programme-du-jour.com\/escalade\/?page_id=4"},"modified":"2026-04-16T18:17:50","modified_gmt":"2026-04-16T16:17:50","slug":"programme-du-jour","status":"publish","type":"page","link":"https:\/\/www.programme-du-jour.com\/escalade\/","title":{"rendered":"Programme du jour"},"content":{"rendered":"\n<div class=\"wp-block-columns is-not-stacked-on-mobile header row is-layout-flex wp-container-core-columns-is-layout-28f84493 wp-block-columns-is-layout-flex\">\n<div class=\"wp-block-column is-vertically-aligned-center is-layout-flow wp-block-column-is-layout-flow\" style=\"flex-basis:50%\"><div class=\"is-default-size wp-block-site-logo\"><a href=\"https:\/\/www.programme-du-jour.com\/escalade\/\" class=\"custom-logo-link\" rel=\"home\"><img loading=\"lazy\" decoding=\"async\" width=\"512\" height=\"512\" src=\"https:\/\/www.programme-du-jour.com\/escalade\/wp-content\/uploads\/sites\/2\/2025\/06\/cropped-Logo-Compagnie-11.png\" class=\"custom-logo\" alt=\"Granit Escalade\" srcset=\"https:\/\/www.programme-du-jour.com\/escalade\/wp-content\/uploads\/sites\/2\/2025\/06\/cropped-Logo-Compagnie-11.png 512w, https:\/\/www.programme-du-jour.com\/escalade\/wp-content\/uploads\/sites\/2\/2025\/06\/cropped-Logo-Compagnie-11-300x300.png 300w, https:\/\/www.programme-du-jour.com\/escalade\/wp-content\/uploads\/sites\/2\/2025\/06\/cropped-Logo-Compagnie-11-150x150.png 150w\" sizes=\"auto, (max-width: 512px) 100vw, 512px\" \/><\/a><\/div><\/div>\n\n\n\n<div class=\"wp-block-column is-vertically-aligned-top right-col-header is-layout-flow wp-block-column-is-layout-flow\" style=\"flex-basis:50%\">\n<figure class=\"wp-block-image alignright size-full phone-header\"><a href=\"tel:+33450530088\"><img loading=\"lazy\" decoding=\"async\" width=\"24\" height=\"24\" src=\"https:\/\/www.programme-du-jour.com\/escalade\/wp-content\/uploads\/sites\/2\/2025\/06\/call.png\" alt=\"\" class=\"wp-image-16\"\/><\/a><\/figure>\n<\/div>\n<\/div>\n\n\n\n<div style=\"height:100px\" aria-hidden=\"true\" class=\"wp-block-spacer\"><\/div>\n\n\n\n<h1 class=\"wp-block-heading has-text-align-center has-large-font-size\">Programme du jour<br><br>Stage du 13 au 17 avril<br><\/h1>\n\n\n\n<p><\/p>\n\n\n\n<p><\/p>\n\n\n\n<p class=\"has-text-align-center has-medium-font-size\"><strong>Programme du vendredi 17 avril<\/strong><\/p>\n\n\n\n<p class=\"has-text-align-center has-medium-font-size\"><br><br>Groupe 6-9 ans et 10-16 ans<br><\/p>\n\n\n\n<p class=\"has-text-align-center has-medium-font-size\">Escalade aux Gaillands<br><br>Rdv \u00e0 10h &#8211; fin 14h<\/p>\n\n\n\n<p><\/p>\n\n\n\n<p class=\"has-text-align-center has-medium-font-size\">Pr\u00e9voir dans un sac \u00e0 dos, <strong>une paire de chaussons d&rsquo;escalade<\/strong>, un pique-nique, un go\u00fbter et une bouteille d\u2019eau.<\/p>\n\n\n\n<p class=\"has-text-align-center has-medium-font-size\">Si votre enfant poss\u00e8de son propre mat\u00e9riel d&rsquo;escalade (baudrier et casque homologu\u00e9), il peut l&rsquo;utiliser, nous fournirons le mat\u00e9riel manquant.<\/p>\n\n\n\n<p class=\"has-text-align-center has-medium-font-size\">\u00c0 demain,<\/p>\n\n\n\n<p><\/p>\n\n\n\n<p class=\"has-text-align-center has-medium-font-size\">Myriem (0758737960) <br><\/p>\n\n\n\n<p class=\"has-text-align-center has-medium-font-size\"><\/p>\n\n\n\n<p><\/p>\n\n\n\n<p class=\"has-text-align-center has-medium-font-size\"><strong>Program for Friday, April 17th <\/strong><br><\/p>\n\n\n\n<p class=\"has-text-align-center has-medium-font-size\"><br>Groups for ages 6-9 and 10-16<\/p>\n\n\n\n<p class=\"has-text-align-center has-medium-font-size\"><\/p>\n\n\n\n<p class=\"has-text-align-center has-medium-font-size\">Climbing at Les Gaillands<br><br><br>Meeting at 10:00 AM &#8211; end at 2:00 PM<\/p>\n\n\n\n<p class=\"has-text-align-center has-medium-font-size\">Please take <strong>climbing shoes<\/strong>, a packed lunch, a snack and a water bottle in a backpack. <\/p>\n\n\n\n<p class=\"has-text-align-center\">If your child has their own climbing equipment (harness and certified helmet), they are welcome to use it; we will provide any missing equipment. <\/p>\n\n\n\n<p><\/p>\n\n\n\n<p class=\"has-text-align-center has-medium-font-size\">See you tomorrow,<\/p>\n\n\n\n<p><\/p>\n\n\n\n<p class=\"has-text-align-center has-medium-font-size\">Myriem (+33 (0)758737960) <\/p>\n\n\n\n<p><\/p>\n\n\n\n<p><\/p>\n\n\n\n<p class=\"has-text-align-center has-medium-font-size\"><br><br><\/p>\n\n\n\n<p class=\"has-text-align-center has-medium-font-size\"><br><\/p>\n\n\n\n<h2 class=\"wp-block-heading has-text-align-center\"><br><br><\/h2>\n\n\n\n<p class=\"has-text-align-center\"><\/p>\n\n\n\n<div class=\"wp-block-columns footer-images has-background is-layout-flex wp-container-core-columns-is-layout-28f84493 wp-block-columns-is-layout-flex\" style=\"background-color:#2e5293\">\n<div class=\"wp-block-column is-layout-flow wp-block-column-is-layout-flow\">\n<figure class=\"wp-block-image size-full first-picture\"><img loading=\"lazy\" decoding=\"async\" width=\"326\" height=\"76\" src=\"https:\/\/www.programme-du-jour.com\/escalade\/wp-content\/uploads\/sites\/2\/2025\/06\/NEW-LOGO-MILLET-WHITE.png\" alt=\"\" class=\"wp-image-18\" srcset=\"https:\/\/www.programme-du-jour.com\/escalade\/wp-content\/uploads\/sites\/2\/2025\/06\/NEW-LOGO-MILLET-WHITE.png 326w, https:\/\/www.programme-du-jour.com\/escalade\/wp-content\/uploads\/sites\/2\/2025\/06\/NEW-LOGO-MILLET-WHITE-300x70.png 300w\" sizes=\"auto, (max-width: 326px) 100vw, 326px\" \/><\/figure>\n\n\n\n<figure class=\"wp-block-gallery has-nested-images columns-default is-cropped gal-footer wp-block-gallery-1 is-layout-flex wp-block-gallery-is-layout-flex\">\n<figure class=\"wp-block-image size-full\"><img decoding=\"async\" data-id=\"21\" src=\"https:\/\/www.programme-du-jour.com\/wp-content\/uploads\/2025\/06\/Julbo-1.png\" alt=\"\" class=\"wp-image-21\"\/><\/figure>\n\n\n\n<figure class=\"wp-block-image size-full\"><img decoding=\"async\" data-id=\"23\" src=\"https:\/\/www.programme-du-jour.com\/wp-content\/uploads\/2025\/06\/air-1.png\" alt=\"\" class=\"wp-image-23\"\/><\/figure>\n\n\n\n<figure class=\"wp-block-image size-full\"><img decoding=\"async\" data-id=\"24\" src=\"https:\/\/www.programme-du-jour.com\/wp-content\/uploads\/2025\/06\/grivel-1.png\" alt=\"\" class=\"wp-image-24\"\/><\/figure>\n\n\n\n<figure class=\"wp-block-image size-full\"><img decoding=\"async\" data-id=\"26\" src=\"https:\/\/www.programme-du-jour.com\/wp-content\/uploads\/2025\/06\/Dynastar-1.png\" alt=\"\" class=\"wp-image-26\"\/><\/figure>\n\n\n\n<figure class=\"wp-block-image size-full\"><img decoding=\"async\" data-id=\"28\" src=\"https:\/\/www.programme-du-jour.com\/wp-content\/uploads\/2025\/06\/Vector.png\" alt=\"\" class=\"wp-image-28\"\/><\/figure>\n\n\n\n<figure class=\"wp-block-image size-full\"><img decoding=\"async\" data-id=\"30\" src=\"https:\/\/www.programme-du-jour.com\/wp-content\/uploads\/2025\/06\/logo-monnet-copie-1.png\" alt=\"\" class=\"wp-image-30\"\/><\/figure>\n\n\n\n<figure class=\"wp-block-image size-full\"><img decoding=\"async\" data-id=\"32\" src=\"https:\/\/www.programme-du-jour.com\/wp-content\/uploads\/2025\/06\/plum-2.png\" alt=\"\" class=\"wp-image-32\"\/><\/figure>\n\n\n\n<figure class=\"wp-block-image size-full\"><img decoding=\"async\" data-id=\"34\" src=\"https:\/\/www.programme-du-jour.com\/wp-content\/uploads\/2025\/06\/Beal.png\" alt=\"\" class=\"wp-image-34\"\/><\/figure>\n\n\n\n<figure class=\"wp-block-image size-full\"><img decoding=\"async\" data-id=\"36\" src=\"https:\/\/www.programme-du-jour.com\/wp-content\/uploads\/2025\/06\/Calque-1-1.png\" alt=\"\" class=\"wp-image-36\"\/><\/figure>\n\n\n\n<figure class=\"wp-block-image size-full\"><img decoding=\"async\" data-id=\"38\" src=\"https:\/\/www.programme-du-jour.com\/wp-content\/uploads\/2025\/06\/logo-samaya-Blanc-print_2000x-1.png\" alt=\"\" class=\"wp-image-38\"\/><\/figure>\n\n\n\n<figure class=\"wp-block-image size-full\"><img decoding=\"async\" data-id=\"40\" src=\"https:\/\/www.programme-du-jour.com\/wp-content\/uploads\/2025\/06\/sanglar-1.png\" alt=\"\" class=\"wp-image-40\"\/><\/figure>\n\n\n\n<figure class=\"wp-block-image size-full\"><img decoding=\"async\" data-id=\"42\" src=\"https:\/\/www.programme-du-jour.com\/wp-content\/uploads\/2025\/06\/ravanel2-1.png\" alt=\"\" class=\"wp-image-42\"\/><\/figure>\n\n\n\n<figure class=\"wp-block-image size-full\"><img decoding=\"async\" data-id=\"44\" src=\"https:\/\/www.programme-du-jour.com\/wp-content\/uploads\/2025\/06\/concepte-1.png\" alt=\"\" class=\"wp-image-44\"\/><\/figure>\n\n\n\n<figure class=\"wp-block-image size-full\"><img decoding=\"async\" data-id=\"46\" src=\"https:\/\/www.programme-du-jour.com\/wp-content\/uploads\/2025\/06\/la-folie-douce.png\" alt=\"\" class=\"wp-image-46\"\/><\/figure>\n\n\n\n<figure class=\"wp-block-image size-full\"><img decoding=\"async\" data-id=\"48\" src=\"https:\/\/www.programme-du-jour.com\/wp-content\/uploads\/2025\/06\/rockypop-blanc.png\" alt=\"\" class=\"wp-image-48\"\/><\/figure>\n\n\n\n<figure class=\"wp-block-image size-full\"><img decoding=\"async\" data-id=\"51\" src=\"https:\/\/www.programme-du-jour.com\/wp-content\/uploads\/2025\/06\/prieure.png\" alt=\"\" class=\"wp-image-51\"\/><\/figure>\n\n\n\n<figure class=\"wp-block-image size-large\"><img decoding=\"async\" data-id=\"50\" src=\"https:\/\/www.programme-du-jour.com\/wp-content\/uploads\/2025\/06\/Simple_White-1024x270.png\" alt=\"\" class=\"wp-image-50\"\/><\/figure>\n\n\n\n<figure class=\"wp-block-image size-large\"><img decoding=\"async\" data-id=\"52\" src=\"https:\/\/www.programme-du-jour.com\/wp-content\/uploads\/2025\/06\/LOGOTYPE_HOTELS_BLANC-1024x116.png\" alt=\"\" class=\"wp-image-52\"\/><\/figure>\n<\/figure>\n<\/div>\n<\/div>\n\n\n\n<div class=\"wp-block-columns footer has-background is-layout-flex wp-container-core-columns-is-layout-28f84493 wp-block-columns-is-layout-flex\" style=\"background-color:#45659f\">\n<div class=\"wp-block-column is-layout-flow wp-block-column-is-layout-flow\">\n<div class=\"wp-block-columns is-layout-flex wp-container-core-columns-is-layout-28f84493 wp-block-columns-is-layout-flex\">\n<div class=\"wp-block-column col-1 is-layout-flow wp-block-column-is-layout-flow\">\n<figure class=\"wp-block-image size-full is-resized\"><img decoding=\"async\" src=\"https:\/\/www.programme-du-jour.com\/wp-content\/uploads\/2025\/06\/cropped-Logo-Compagnie-1.png\" alt=\"\" class=\"wp-image-55\" style=\"width:120px\"\/><\/figure>\n<\/div>\n\n\n\n<div class=\"wp-block-column col-2 is-layout-flow wp-block-column-is-layout-flow\">\n<div class=\"wp-block-group is-content-justification-left is-nowrap is-layout-flex wp-container-core-group-is-layout-fc9f69e7 wp-block-group-is-layout-flex\">\n<figure class=\"wp-block-image size-full is-resized footer-contact-svg\"><img decoding=\"async\" src=\"https:\/\/www.programme-du-jour.com\/wp-content\/uploads\/2025\/06\/talk_16014368.png\" alt=\"\" class=\"wp-image-59\" style=\"object-fit:contain;width:24px;height:24px\"\/><\/figure>\n\n\n\n<p><a href=\"mailto:info@chamonix-guides.com\" target=\"_blank\" rel=\"noreferrer noopener\">Contactez-nous<\/a><\/p>\n<\/div>\n\n\n\n<p><strong>Bureau de Chamonix<\/strong><\/p>\n\n\n\n<p><a href=\"tel:+33450530088\">+33 (0)4 50 53 00 88<\/a><\/p>\n\n\n\n<p>Maison de la montagne<\/p>\n\n\n\n<p>190 place de l\u2019\u00e9glise<br>74400 Chamonix<\/p>\n\n\n\n<p><strong>Bureau d\u2019Argenti\u00e8re<\/strong><\/p>\n\n\n\n<p><a href=\"tel:+33771175403\">+33 (0)7 71 17 54 03<\/a><\/p>\n\n\n\n<p>24 Route du village<\/p>\n\n\n\n<p>74400 Argenti\u00e8re<\/p>\n<\/div>\n<\/div>\n<\/div>\n\n\n\n<div class=\"wp-block-column col-3 is-layout-flow wp-block-column-is-layout-flow\">\n<h2 class=\"wp-block-heading\">Pages cl\u00e9s<\/h2>\n\n\n\n<div class=\"wp-block-buttons is-layout-flex wp-block-buttons-is-layout-flex\">\n<div class=\"wp-block-button white-btn download\"><a class=\"wp-block-button__link wp-element-button\" href=\"https:\/\/www.chamonix-guides.com\/sites\/default\/files\/brochures\/2021\/Tarifs-des-courses.pdf\" target=\"_blank\" rel=\"noreferrer noopener\">Tarifs des courses<\/a><\/div>\n<\/div>\n\n\n\n<ul class=\"wp-block-list\">\n<li><a href=\"https:\/\/www.chamonix-guides.com\/fr\/refuges\" data-type=\"link\" data-id=\"https:\/\/www.chamonix-guides.com\/fr\/refuges\" target=\"_blank\" rel=\"noreferrer noopener\">Les refuges<\/a><\/li>\n\n\n\n<li><a href=\"https:\/\/reservation.chamonix-guides.com\/reservation-cascade-de-glace-berard.html\" data-type=\"link\" data-id=\"https:\/\/reservation.chamonix-guides.com\/reservation-cascade-de-glace-berard.html\" target=\"_blank\" rel=\"noreferrer noopener\">Site cascade de glace B\u00e9rard &#8211; R\u00e9servations<\/a><\/li>\n\n\n\n<li><a href=\"https:\/\/www.chamonix-guides.com\/fr\/calcul-emissions-carbone\" data-type=\"link\" data-id=\"https:\/\/www.chamonix-guides.com\/fr\/calcul-emissions-carbone\" target=\"_blank\" rel=\"noreferrer noopener\">Carbone &#8211; m\u00e9thode de calcul<\/a><\/li>\n\n\n\n<li><a href=\"https:\/\/www.chamonix-guides.com\/fr\/conditions-generales-de-vente\" data-type=\"link\" data-id=\"https:\/\/www.chamonix-guides.com\/fr\/conditions-generales-de-vente\" target=\"_blank\" rel=\"noreferrer noopener\">Conditions de vente S\u00e9jours<\/a><\/li>\n\n\n\n<li><a href=\"https:\/\/www.chamonix-guides.com\/fr\/page-de-contenu\/conditions-generales-de-vente-activites-la-journee-course-en-montagne\" data-type=\"link\" data-id=\"https:\/\/www.chamonix-guides.com\/fr\/page-de-contenu\/conditions-generales-de-vente-activites-la-journee-course-en-montagne\" target=\"_blank\" rel=\"noreferrer noopener\">Conditions de vente Journ\u00e9e<\/a><\/li>\n\n\n\n<li><a href=\"https:\/\/www.programme-du-jour.com\/escalade\/mentions-legales\/\" data-type=\"page\" data-id=\"329\" target=\"_blank\" rel=\"noreferrer noopener\">Mentions l\u00e9gales<\/a><\/li>\n\n\n\n<li><a href=\"https:\/\/www.programme-du-jour.com\/escalade\/politique-de-confidentialite\/\" data-type=\"page\" data-id=\"3\" target=\"_blank\" rel=\"noreferrer noopener\">Politique de confidentialit\u00e9<\/a><\/li>\n\n\n\n<li><a href=\"https:\/\/www.chamonix-guides.com\/fr\/user\/login\" data-type=\"link\" data-id=\"https:\/\/www.chamonix-guides.com\/fr\/user\/login\" target=\"_blank\" rel=\"noreferrer noopener\">Espace membres<\/a><\/li>\n<\/ul>\n<\/div>\n\n\n\n<div class=\"wp-block-column col-4 is-layout-flow wp-block-column-is-layout-flow\">\n<h2 class=\"wp-block-heading\">Suivez-nous<\/h2>\n\n\n\n<ul class=\"wp-block-social-links is-layout-flex wp-block-social-links-is-layout-flex\"><li class=\"wp-social-link wp-social-link-facebook  wp-block-social-link\"><a rel=\"noopener nofollow\" target=\"_blank\" href=\"https:\/\/www.facebook.com\/chamonixguides\/\" class=\"wp-block-social-link-anchor\"><svg width=\"24\" height=\"24\" viewBox=\"0 0 24 24\" version=\"1.1\" xmlns=\"http:\/\/www.w3.org\/2000\/svg\" aria-hidden=\"true\" focusable=\"false\"><path d=\"M12 2C6.5 2 2 6.5 2 12c0 5 3.7 9.1 8.4 9.9v-7H7.9V12h2.5V9.8c0-2.5 1.5-3.9 3.8-3.9 1.1 0 2.2.2 2.2.2v2.5h-1.3c-1.2 0-1.6.8-1.6 1.6V12h2.8l-.4 2.9h-2.3v7C18.3 21.1 22 17 22 12c0-5.5-4.5-10-10-10z\"><\/path><\/svg><span class=\"wp-block-social-link-label screen-reader-text\">Facebook<\/span><\/a><\/li>\n\n<li class=\"wp-social-link wp-social-link-linkedin  wp-block-social-link\"><a rel=\"noopener nofollow\" target=\"_blank\" href=\"https:\/\/www.linkedin.com\/company\/compagniedesguidesdechamonix\/\" class=\"wp-block-social-link-anchor\"><svg width=\"24\" height=\"24\" viewBox=\"0 0 24 24\" version=\"1.1\" xmlns=\"http:\/\/www.w3.org\/2000\/svg\" aria-hidden=\"true\" focusable=\"false\"><path d=\"M19.7,3H4.3C3.582,3,3,3.582,3,4.3v15.4C3,20.418,3.582,21,4.3,21h15.4c0.718,0,1.3-0.582,1.3-1.3V4.3 C21,3.582,20.418,3,19.7,3z M8.339,18.338H5.667v-8.59h2.672V18.338z M7.004,8.574c-0.857,0-1.549-0.694-1.549-1.548 c0-0.855,0.691-1.548,1.549-1.548c0.854,0,1.547,0.694,1.547,1.548C8.551,7.881,7.858,8.574,7.004,8.574z M18.339,18.338h-2.669 v-4.177c0-0.996-0.017-2.278-1.387-2.278c-1.389,0-1.601,1.086-1.601,2.206v4.249h-2.667v-8.59h2.559v1.174h0.037 c0.356-0.675,1.227-1.387,2.526-1.387c2.703,0,3.203,1.779,3.203,4.092V18.338z\"><\/path><\/svg><span class=\"wp-block-social-link-label screen-reader-text\">LinkedIn<\/span><\/a><\/li>\n\n<li class=\"wp-social-link wp-social-link-instagram  wp-block-social-link\"><a rel=\"noopener nofollow\" target=\"_blank\" href=\"https:\/\/www.instagram.com\/compagniedesguidesdechamonix\/\" class=\"wp-block-social-link-anchor\"><svg width=\"24\" height=\"24\" viewBox=\"0 0 24 24\" version=\"1.1\" xmlns=\"http:\/\/www.w3.org\/2000\/svg\" aria-hidden=\"true\" focusable=\"false\"><path d=\"M12,4.622c2.403,0,2.688,0.009,3.637,0.052c0.877,0.04,1.354,0.187,1.671,0.31c0.42,0.163,0.72,0.358,1.035,0.673 c0.315,0.315,0.51,0.615,0.673,1.035c0.123,0.317,0.27,0.794,0.31,1.671c0.043,0.949,0.052,1.234,0.052,3.637 s-0.009,2.688-0.052,3.637c-0.04,0.877-0.187,1.354-0.31,1.671c-0.163,0.42-0.358,0.72-0.673,1.035 c-0.315,0.315-0.615,0.51-1.035,0.673c-0.317,0.123-0.794,0.27-1.671,0.31c-0.949,0.043-1.233,0.052-3.637,0.052 s-2.688-0.009-3.637-0.052c-0.877-0.04-1.354-0.187-1.671-0.31c-0.42-0.163-0.72-0.358-1.035-0.673 c-0.315-0.315-0.51-0.615-0.673-1.035c-0.123-0.317-0.27-0.794-0.31-1.671C4.631,14.688,4.622,14.403,4.622,12 s0.009-2.688,0.052-3.637c0.04-0.877,0.187-1.354,0.31-1.671c0.163-0.42,0.358-0.72,0.673-1.035 c0.315-0.315,0.615-0.51,1.035-0.673c0.317-0.123,0.794-0.27,1.671-0.31C9.312,4.631,9.597,4.622,12,4.622 M12,3 C9.556,3,9.249,3.01,8.289,3.054C7.331,3.098,6.677,3.25,6.105,3.472C5.513,3.702,5.011,4.01,4.511,4.511 c-0.5,0.5-0.808,1.002-1.038,1.594C3.25,6.677,3.098,7.331,3.054,8.289C3.01,9.249,3,9.556,3,12c0,2.444,0.01,2.751,0.054,3.711 c0.044,0.958,0.196,1.612,0.418,2.185c0.23,0.592,0.538,1.094,1.038,1.594c0.5,0.5,1.002,0.808,1.594,1.038 c0.572,0.222,1.227,0.375,2.185,0.418C9.249,20.99,9.556,21,12,21s2.751-0.01,3.711-0.054c0.958-0.044,1.612-0.196,2.185-0.418 c0.592-0.23,1.094-0.538,1.594-1.038c0.5-0.5,0.808-1.002,1.038-1.594c0.222-0.572,0.375-1.227,0.418-2.185 C20.99,14.751,21,14.444,21,12s-0.01-2.751-0.054-3.711c-0.044-0.958-0.196-1.612-0.418-2.185c-0.23-0.592-0.538-1.094-1.038-1.594 c-0.5-0.5-1.002-0.808-1.594-1.038c-0.572-0.222-1.227-0.375-2.185-0.418C14.751,3.01,14.444,3,12,3L12,3z M12,7.378 c-2.552,0-4.622,2.069-4.622,4.622S9.448,16.622,12,16.622s4.622-2.069,4.622-4.622S14.552,7.378,12,7.378z M12,15 c-1.657,0-3-1.343-3-3s1.343-3,3-3s3,1.343,3,3S13.657,15,12,15z M16.804,6.116c-0.596,0-1.08,0.484-1.08,1.08 s0.484,1.08,1.08,1.08c0.596,0,1.08-0.484,1.08-1.08S17.401,6.116,16.804,6.116z\"><\/path><\/svg><span class=\"wp-block-social-link-label screen-reader-text\">Instagram<\/span><\/a><\/li>\n\n<li class=\"wp-social-link wp-social-link-youtube  wp-block-social-link\"><a rel=\"noopener nofollow\" target=\"_blank\" href=\"https:\/\/www.youtube.com\/user\/guideschamonix\" class=\"wp-block-social-link-anchor\"><svg width=\"24\" height=\"24\" viewBox=\"0 0 24 24\" version=\"1.1\" xmlns=\"http:\/\/www.w3.org\/2000\/svg\" aria-hidden=\"true\" focusable=\"false\"><path d=\"M21.8,8.001c0,0-0.195-1.378-0.795-1.985c-0.76-0.797-1.613-0.801-2.004-0.847c-2.799-0.202-6.997-0.202-6.997-0.202 h-0.009c0,0-4.198,0-6.997,0.202C4.608,5.216,3.756,5.22,2.995,6.016C2.395,6.623,2.2,8.001,2.2,8.001S2,9.62,2,11.238v1.517 c0,1.618,0.2,3.237,0.2,3.237s0.195,1.378,0.795,1.985c0.761,0.797,1.76,0.771,2.205,0.855c1.6,0.153,6.8,0.201,6.8,0.201 s4.203-0.006,7.001-0.209c0.391-0.047,1.243-0.051,2.004-0.847c0.6-0.607,0.795-1.985,0.795-1.985s0.2-1.618,0.2-3.237v-1.517 C22,9.62,21.8,8.001,21.8,8.001z M9.935,14.594l-0.001-5.62l5.404,2.82L9.935,14.594z\"><\/path><\/svg><span class=\"wp-block-social-link-label screen-reader-text\">YouTube<\/span><\/a><\/li><\/ul>\n\n\n\n<h2 class=\"wp-block-heading\">D\u00e9couvrir Chamonix<\/h2>\n\n\n\n<figure class=\"wp-block-image size-full is-resized\"><img decoding=\"async\" src=\"https:\/\/www.programme-du-jour.com\/wp-content\/uploads\/2025\/06\/ot-chamonix.png\" alt=\"\" class=\"wp-image-57\" style=\"width:140px\"\/><\/figure>\n<\/div>\n<\/div>\n\n\n\n<div class=\"wp-block-columns footer-copyright has-background is-layout-flex wp-container-core-columns-is-layout-28f84493 wp-block-columns-is-layout-flex\" style=\"background-color:#1a3e7e\">\n<div class=\"wp-block-column is-layout-flow wp-block-column-is-layout-flow\">\n<p class=\"has-white-color has-text-color has-link-color wp-elements-867e21dd5c1f4dea6ec602c320d30f8a\">\u00a9 2025 Compagnie des guides de Chamonix<\/p>\n<\/div>\n\n\n\n<div class=\"wp-block-column is-layout-flow wp-block-column-is-layout-flow\">\n<p class=\"has-text-align-right has-white-color has-text-color has-link-color wp-elements-a450485b7a8504b1b99bc31df9bc4748\">Made with \u2665 by&nbsp;<a href=\"https:\/\/www.cybergraph.fr\/\" target=\"_blank\" rel=\"noreferrer noopener\">Cybergraph<\/a><\/p>\n<\/div>\n<\/div>\n","protected":false},"excerpt":{"rendered":"<p>Programme du jour Stage du 13 au 17 avril Programme du vendredi 17 avril Groupe 6-9 ans et 10-16 ans Escalade aux Gaillands Rdv \u00e0 10h &#8211; fin 14h Pr\u00e9voir dans un sac \u00e0 dos, une paire de chaussons d&rsquo;escalade, un pique-nique, un go\u00fbter et une bouteille d\u2019eau. Si votre enfant poss\u00e8de son propre mat\u00e9riel [&hellip;]<\/p>\n","protected":false},"author":1,"featured_media":14,"parent":0,"menu_order":0,"comment_status":"closed","ping_status":"closed","template":"","meta":{"footnotes":""},"class_list":["post-4","page","type-page","status-publish","has-post-thumbnail","hentry"],"_links":{"self":[{"href":"https:\/\/www.programme-du-jour.com\/escalade\/wp-json\/wp\/v2\/pages\/4","targetHints":{"allow":["GET"]}}],"collection":[{"href":"https:\/\/www.programme-du-jour.com\/escalade\/wp-json\/wp\/v2\/pages"}],"about":[{"href":"https:\/\/www.programme-du-jour.com\/escalade\/wp-json\/wp\/v2\/types\/page"}],"author":[{"embeddable":true,"href":"https:\/\/www.programme-du-jour.com\/escalade\/wp-json\/wp\/v2\/users\/1"}],"replies":[{"embeddable":true,"href":"https:\/\/www.programme-du-jour.com\/escalade\/wp-json\/wp\/v2\/comments?post=4"}],"version-history":[{"count":124,"href":"https:\/\/www.programme-du-jour.com\/escalade\/wp-json\/wp\/v2\/pages\/4\/revisions"}],"predecessor-version":[{"id":258,"href":"https:\/\/www.programme-du-jour.com\/escalade\/wp-json\/wp\/v2\/pages\/4\/revisions\/258"}],"wp:featuredmedia":[{"embeddable":true,"href":"https:\/\/www.programme-du-jour.com\/escalade\/wp-json\/wp\/v2\/media\/14"}],"wp:attachment":[{"href":"https:\/\/www.programme-du-jour.com\/escalade\/wp-json\/wp\/v2\/media?parent=4"}],"curies":[{"name":"wp","href":"https:\/\/api.w.org\/{rel}","templated":true}]}}